{"id":63,"date":"2023-10-11T18:16:23","date_gmt":"2023-10-11T16:16:23","guid":{"rendered":"http:\/\/iniso.fr\/?page_id=63"},"modified":"2024-10-08T14:20:40","modified_gmt":"2024-10-08T12:20:40","slug":"recrutement","status":"publish","type":"page","link":"https:\/\/iniso.fr\/index.php\/recrutement\/","title":{"rendered":"Recrutement"},"content":{"rendered":"\n<h2 class=\"wp-block-heading\">Recrutement<\/h2>\n\n\n\n<p class=\"has-black-color has-text-color\"><strong>INISO recrute !<\/strong><\/p>\n\n\n\n<p><a href=\"https:\/\/iniso.fr\/index.php\/contact\/\">Contactez nous<\/a> !<\/p>\n\n\n\n<p class=\"has-black-color has-text-color\">Dans le cadre de notre d\u00e9veloppement et d&#8217;une croissance d&#8217;activit\u00e9, nous sommes \u00e0 la recherche de <strong>techniciens t\u00e9l\u00e9coms<\/strong> (<strong>cuivre<\/strong> et <strong>FTTH<\/strong>) en <strong>CDI<\/strong> (CDD pour les d\u00e9butants) sur la Loire-Atlantique et le nord de la Vend\u00e9e.<\/p>\n\n\n\n<p class=\"has-black-color has-text-color\">Les <strong>d\u00e9butants motiv\u00e9s<\/strong> sont accept\u00e9s.<\/p>\n\n\n\n<p class=\"has-black-color has-text-color\">Travaillant en <strong>autonomie<\/strong> apr\u00e8s une formation en interne, vous r\u00e9aliserez des travaux de raccordement t\u00e9l\u00e9coms (cuivre ou FTTH) de clients particuliers ou professionnels.<\/p>\n\n\n\n<p class=\"has-black-color has-text-color\">Vous \u00eates id\u00e9alement issu d&#8217;une formation \u00e9lectronique ou \u00e9lectrique. Vous avez un <strong>bon sens du relationnel<\/strong>, \u00eates <strong>rigoureux<\/strong> et <strong>ponctuel<\/strong>. Le sens du service et la <strong>satisfaction du client<\/strong> sont pour vous une priorit\u00e9. L&#8217;habilitation \u00e9lectrique est un atout.<\/p>\n\n\n\n<p class=\"has-black-color has-text-color\">Pour la r\u00e9alisation de votre mission, la soci\u00e9t\u00e9 INISO mettra \u00e0 votre disposition un <strong>v\u00e9hicule de service<\/strong> (permis B indispensable).<\/p>\n\n\n\n<p class=\"has-black-color has-text-color\">Salaire de base fixe \u00e0 d\u00e9finir selon le profil. <strong>Prime de rentabilit\u00e9<\/strong>, <strong>panier repas<\/strong>, <strong>mutuelle<\/strong>.<\/p>\n\n\n\n<p class=\"has-black-color has-text-color\">Si vous \u00eates motiv\u00e9 pour int\u00e9grer une \u00e9quipe jeune et dynamique avec des possibilit\u00e9s d&#8217;\u00e9volution alors n&#8217;h\u00e9sitez pas \u00e0 <a href=\"https:\/\/iniso.fr\/index.php\/contact\/\">nous contacter<\/a> !<\/p>\n\n\n\n<h2 class=\"wp-block-heading\">Partenaire<\/h2>\n\n\n\n<p>Nous travaillons en partenariat avec <a href=\"https:\/\/www.maisonpresta.fr\">https:\/\/www.maisonpresta.fr<\/a><\/p>\n","protected":false},"excerpt":{"rendered":"<p>Recrutement INISO recrute ! Contactez nous ! Dans le cadre de notre d\u00e9veloppement et d&#8217;une croissance d&#8217;activit\u00e9, nous sommes \u00e0 la recherche de techniciens t\u00e9l\u00e9coms (cuivre et FTTH) en CDI (CDD pour les d\u00e9butants) sur la Loire-Atlantique et le nord<\/p>\n","protected":false},"author":1,"featured_media":0,"parent":0,"menu_order":0,"comment_status":"closed","ping_status":"closed","template":"","meta":{"footnotes":""},"class_list":["post-63","page","type-page","status-publish","hentry"],"_links":{"self":[{"href":"https:\/\/iniso.fr\/index.php\/wp-json\/wp\/v2\/pages\/63","targetHints":{"allow":["GET"]}}],"collection":[{"href":"https:\/\/iniso.fr\/index.php\/wp-json\/wp\/v2\/pages"}],"about":[{"href":"https:\/\/iniso.fr\/index.php\/wp-json\/wp\/v2\/types\/page"}],"author":[{"embeddable":true,"href":"https:\/\/iniso.fr\/index.php\/wp-json\/wp\/v2\/users\/1"}],"replies":[{"embeddable":true,"href":"https:\/\/iniso.fr\/index.php\/wp-json\/wp\/v2\/comments?post=63"}],"version-history":[{"count":5,"href":"https:\/\/iniso.fr\/index.php\/wp-json\/wp\/v2\/pages\/63\/revisions"}],"predecessor-version":[{"id":194,"href":"https:\/\/iniso.fr\/index.php\/wp-json\/wp\/v2\/pages\/63\/revisions\/194"}],"wp:attachment":[{"href":"https:\/\/iniso.fr\/index.php\/wp-json\/wp\/v2\/media?parent=63"}],"curies":[{"name":"wp","href":"https:\/\/api.w.org\/{rel}","templated":true}]}}