{"id":60,"date":"2023-10-11T18:15:06","date_gmt":"2023-10-11T16:15:06","guid":{"rendered":"http:\/\/iniso.fr\/?page_id=60"},"modified":"2024-08-30T18:05:19","modified_gmt":"2024-08-30T16:05:19","slug":"adsl-et-telephonie","status":"publish","type":"page","link":"https:\/\/iniso.fr\/index.php\/adsl-et-telephonie\/","title":{"rendered":"ADSL et t\u00e9l\u00e9phonie"},"content":{"rendered":"\n<h2 class=\"wp-block-heading\"><strong>Comp\u00e9tences Cuivre \/ T\u00e9l\u00e9phonie \/ Internet<\/strong><\/h2>\n\n\n\n<p class=\"has-black-color has-text-color\">Nous r\u00e9alisons le d\u00e9ploiement, la r\u00e9paration et la modification d&#8217;installation ainsi que le raccordement et la maintenance du r\u00e9seau cuivre aussi bien en t\u00e9l\u00e9phonie analogique qu&#8217;en internet haut d\u00e9bit. En effet, nous sommes \u00e9quip\u00e9s afin de r\u00e9aliser tout type de travaux de t\u00e9l\u00e9coms analogique ou num\u00e9rique. Notre travail au quotidien dans ce domaine avec les diff\u00e9rents op\u00e9rateurs nous permet de mettre en place efficacement la solution \u00e0 votre besoin, que vous soyez un professionnel ou un particulier.<\/p>\n\n\n\n<h2 class=\"wp-block-heading\"><strong>D\u00e9ploiement d&#8217;un r\u00e9seau filaire dans :<\/strong><\/h2>\n\n\n\n<ul class=\"wp-block-list\">\n<li>Les appartements,<\/li>\n\n\n\n<li>Les maisons,<\/li>\n\n\n\n<li>Les locaux commerciaux et\/ou industriels,<\/li>\n\n\n\n<li>Les parties communes d&#8217;immeuble.<\/li>\n<\/ul>\n\n\n\n<p>Nous r\u00e9alisons le tirage et la pose en respectant les derni\u00e8res normes en vigueur de :<\/p>\n\n\n<div class=\"wp-block-image\">\n<figure class=\"alignright size-large is-resized\"><img loading=\"lazy\" decoding=\"async\" width=\"768\" height=\"1024\" src=\"https:\/\/iniso.fr\/wp-content\/uploads\/2024\/08\/SRI_Ouverte-768x1024.jpg\" alt=\"\" class=\"wp-image-152\" style=\"width:163px;height:auto\" srcset=\"https:\/\/iniso.fr\/wp-content\/uploads\/2024\/08\/SRI_Ouverte-768x1024.jpg 768w, https:\/\/iniso.fr\/wp-content\/uploads\/2024\/08\/SRI_Ouverte-225x300.jpg 225w, https:\/\/iniso.fr\/wp-content\/uploads\/2024\/08\/SRI_Ouverte-1152x1536.jpg 1152w, https:\/\/iniso.fr\/wp-content\/uploads\/2024\/08\/SRI_Ouverte-1536x2048.jpg 1536w, https:\/\/iniso.fr\/wp-content\/uploads\/2024\/08\/SRI_Ouverte-scaled.jpg 1920w\" sizes=\"auto, (max-width: 768px) 100vw, 768px\" \/><\/figure>\n<\/div>\n\n\n<ul class=\"wp-block-list\">\n<li>DTI,<\/li>\n\n\n\n<li>Prises RJ45,<\/li>\n\n\n\n<li>C\u00e2bles r\u00e9seaux (cat\u00e9gorie 5, 6 ou 7),<\/li>\n\n\n\n<li>C\u00e2bles 4 paires,<\/li>\n\n\n\n<li>PC,<\/li>\n\n\n\n<li>C\u00e2bles multi-paires,<\/li>\n\n\n\n<li>Armoires de sous r\u00e9partition d&#8217;immeuble (SRI).<\/li>\n<\/ul>\n\n\n\n<h2 class=\"wp-block-heading\"><strong>R\u00e9paration et modification d&#8217;installation<\/strong><\/h2>\n\n\n\n<p class=\"has-black-color has-text-color\">Nous r\u00e9alisons tout type de travaux pour la r\u00e9paration et\/ou la modification de votre installation t\u00e9l\u00e9com :<\/p>\n\n\n\n<ul class=\"wp-block-list\">\n<li>D\u00e9placement\/Cr\u00e9ation d&#8217;une prise t\u00e9l\u00e9com (RJ45 ou en T),<\/li>\n\n\n\n<li>Passage d&#8217;un nouveau c\u00e2ble en fourreau souterrain suite \u00e0 une modification du cheminement ext\u00e9rieur,<\/li>\n\n\n\n<li>Installation d&#8217;un tableau de communication.<\/li>\n<\/ul>\n\n\n\n<h2 class=\"wp-block-heading\"><strong>Raccordement et maintenance du r\u00e9seau<\/strong><\/h2>\n\n\n\n<p class=\"has-black-color has-text-color\">Pour l&#8217;op\u00e9rateur historique, nous r\u00e9alisons du :<\/p>\n\n\n\n<ul class=\"wp-block-list\">\n<li>Raccordement en ligne terminale des logements sur le r\u00e9seau cuivre en immeuble, borne, chambre souterraine, fa\u00e7ade et en a\u00e9rien,<\/li>\n\n\n\n<li>D\u00e9pannage de ligne terminale,<\/li>\n\n\n\n<li>Du jarreti\u00e8rage,<\/li>\n\n\n\n<li>Du d\u00e9pannage de la boucle locale \u00e0 l&#8217;aide d&#8217;un OneExpert.<\/li>\n<\/ul>\n\n\n\n<h2 class=\"wp-block-heading\"><strong>Mesures et tests<\/strong><\/h2>\n\n\n\n<p class=\"has-black-color has-text-color\">Nous faisons le diagnostic des installations existantes et proposons le cas \u00e9ch\u00e9ant la solution la plus ad\u00e9quate afin d&#8217;optimiser l&#8217;installation.<\/p>\n\n\n\n<p class=\"has-black-color has-text-color\">N&#8217;h\u00e9sitez pas \u00e0 <a href=\"https:\/\/iniso.fr\/index.php\/contact\/\">nous contacter<\/a> pour toute demande de devis, de renseignement ou de prise de contact.<\/p>\n","protected":false},"excerpt":{"rendered":"<p>Comp\u00e9tences Cuivre \/ T\u00e9l\u00e9phonie \/ Internet Nous r\u00e9alisons le d\u00e9ploiement, la r\u00e9paration et la modification d&#8217;installation ainsi que le raccordement et la maintenance du r\u00e9seau cuivre aussi bien en t\u00e9l\u00e9phonie analogique qu&#8217;en internet haut d\u00e9bit. En effet, nous sommes \u00e9quip\u00e9s<\/p>\n","protected":false},"author":1,"featured_media":0,"parent":0,"menu_order":0,"comment_status":"closed","ping_status":"closed","template":"","meta":{"footnotes":""},"class_list":["post-60","page","type-page","status-publish","hentry"],"_links":{"self":[{"href":"https:\/\/iniso.fr\/index.php\/wp-json\/wp\/v2\/pages\/60","targetHints":{"allow":["GET"]}}],"collection":[{"href":"https:\/\/iniso.fr\/index.php\/wp-json\/wp\/v2\/pages"}],"about":[{"href":"https:\/\/iniso.fr\/index.php\/wp-json\/wp\/v2\/types\/page"}],"author":[{"embeddable":true,"href":"https:\/\/iniso.fr\/index.php\/wp-json\/wp\/v2\/users\/1"}],"replies":[{"embeddable":true,"href":"https:\/\/iniso.fr\/index.php\/wp-json\/wp\/v2\/comments?post=60"}],"version-history":[{"count":6,"href":"https:\/\/iniso.fr\/index.php\/wp-json\/wp\/v2\/pages\/60\/revisions"}],"predecessor-version":[{"id":154,"href":"https:\/\/iniso.fr\/index.php\/wp-json\/wp\/v2\/pages\/60\/revisions\/154"}],"wp:attachment":[{"href":"https:\/\/iniso.fr\/index.php\/wp-json\/wp\/v2\/media?parent=60"}],"curies":[{"name":"wp","href":"https:\/\/api.w.org\/{rel}","templated":true}]}}