{"id":53,"date":"2023-10-11T18:05:30","date_gmt":"2023-10-11T16:05:30","guid":{"rendered":"http:\/\/iniso.fr\/?page_id=53"},"modified":"2024-10-08T14:17:10","modified_gmt":"2024-10-08T12:17:10","slug":"domotique","status":"publish","type":"page","link":"https:\/\/iniso.fr\/index.php\/domotique\/","title":{"rendered":"Domotique"},"content":{"rendered":"\n<h2 class=\"wp-block-heading\"><strong>Domotique<\/strong><\/h2>\n\n\n<div class=\"wp-block-image\">\n<figure class=\"alignright size-full\"><img loading=\"lazy\" decoding=\"async\" width=\"287\" height=\"176\" src=\"https:\/\/iniso.fr\/wp-content\/uploads\/2024\/08\/Logo_KNX-1.png\" alt=\"\" class=\"wp-image-133\"\/><\/figure>\n<\/div>\n\n\n<p class=\"has-black-color has-text-color\">Proche des nouvelles technologies, INISO sait vous accompagner dans l&#8217;\u00e9volution vers la domotique afin d&#8217;am\u00e9liorer votre confort quotidien.<br>Faisant confiance \u00e0 plusieurs fournisseurs, nos techniciens pourront vous guider vers l&#8217;installation de syst\u00e8mes d&#8217;alarmes et cam\u00e9ras, de visiophonie, et de centralisation de diff\u00e9rents \u00e9quipements (chauffages, volets roulants, \u00e9clairages&#8230;).<\/p>\n\n\n\n<p>Pour cela, apr\u00e8s une analyse de vos besoins, nous serons forts de conseils et propositions afin de vous trouver la solution la plus adapt\u00e9e. Celle-ci pouvant aller d&#8217;un simple syst\u00e8me de pilotage ind\u00e9pendant (pour un volet roulant par exemple)  \u00e0 un syst\u00e8me centralis\u00e9 complet permettant de piloter tous les appareils de la maison via une box domotique.<\/p>\n\n\n\n<p>N&#8217;h\u00e9sitez pas \u00e0 nous <a href=\"https:\/\/iniso.fr\/index.php\/contact\/\" data-type=\"page\" data-id=\"66\">contacter<\/a> pour toute demande de devis ou prise de contact pour un projet futur.<\/p>\n\n\n\n<figure class=\"wp-block-image size-large is-resized\"><img loading=\"lazy\" decoding=\"async\" width=\"1024\" height=\"1024\" src=\"https:\/\/iniso.fr\/wp-content\/uploads\/2024\/10\/354054-PB23W6-449-1024x1024.jpg\" alt=\"\" class=\"wp-image-188\" style=\"width:340px;height:auto\" srcset=\"https:\/\/iniso.fr\/wp-content\/uploads\/2024\/10\/354054-PB23W6-449-1024x1024.jpg 1024w, https:\/\/iniso.fr\/wp-content\/uploads\/2024\/10\/354054-PB23W6-449-300x300.jpg 300w, https:\/\/iniso.fr\/wp-content\/uploads\/2024\/10\/354054-PB23W6-449-150x150.jpg 150w, https:\/\/iniso.fr\/wp-content\/uploads\/2024\/10\/354054-PB23W6-449-768x768.jpg 768w, https:\/\/iniso.fr\/wp-content\/uploads\/2024\/10\/354054-PB23W6-449-1536x1536.jpg 1536w, https:\/\/iniso.fr\/wp-content\/uploads\/2024\/10\/354054-PB23W6-449.jpg 2000w\" sizes=\"auto, (max-width: 1024px) 100vw, 1024px\" \/><\/figure>\n","protected":false},"excerpt":{"rendered":"<p>Domotique Proche des nouvelles technologies, INISO sait vous accompagner dans l&#8217;\u00e9volution vers la domotique afin d&#8217;am\u00e9liorer votre confort quotidien.Faisant confiance \u00e0 plusieurs fournisseurs, nos techniciens pourront vous guider vers l&#8217;installation de syst\u00e8mes d&#8217;alarmes et cam\u00e9ras, de visiophonie, et de centralisation<\/p>\n","protected":false},"author":1,"featured_media":0,"parent":0,"menu_order":0,"comment_status":"closed","ping_status":"closed","template":"","meta":{"footnotes":""},"class_list":["post-53","page","type-page","status-publish","hentry"],"_links":{"self":[{"href":"https:\/\/iniso.fr\/index.php\/wp-json\/wp\/v2\/pages\/53","targetHints":{"allow":["GET"]}}],"collection":[{"href":"https:\/\/iniso.fr\/index.php\/wp-json\/wp\/v2\/pages"}],"about":[{"href":"https:\/\/iniso.fr\/index.php\/wp-json\/wp\/v2\/types\/page"}],"author":[{"embeddable":true,"href":"https:\/\/iniso.fr\/index.php\/wp-json\/wp\/v2\/users\/1"}],"replies":[{"embeddable":true,"href":"https:\/\/iniso.fr\/index.php\/wp-json\/wp\/v2\/comments?post=53"}],"version-history":[{"count":7,"href":"https:\/\/iniso.fr\/index.php\/wp-json\/wp\/v2\/pages\/53\/revisions"}],"predecessor-version":[{"id":191,"href":"https:\/\/iniso.fr\/index.php\/wp-json\/wp\/v2\/pages\/53\/revisions\/191"}],"wp:attachment":[{"href":"https:\/\/iniso.fr\/index.php\/wp-json\/wp\/v2\/media?parent=53"}],"curies":[{"name":"wp","href":"https:\/\/api.w.org\/{rel}","templated":true}]}}