{"id":25,"date":"2023-10-11T17:33:25","date_gmt":"2023-10-11T15:33:25","guid":{"rendered":"http:\/\/iniso.fr\/?page_id=25"},"modified":"2024-12-18T16:09:16","modified_gmt":"2024-12-18T15:09:16","slug":"electricite","status":"publish","type":"page","link":"https:\/\/iniso.fr\/index.php\/electricite\/","title":{"rendered":"\u00c9lectricit\u00e9"},"content":{"rendered":"\n<h2 class=\"wp-block-heading\"><strong>Travaux d&#8217;\u00e9lectricit\u00e9<\/strong><\/h2>\n\n\n\n<p class=\"has-black-color has-text-color\">Forts d&#8217;une r\u00e9cente mise \u00e0 jour des normes NF C 15-100, nos \u00e9lectriciens r\u00e9alisent des travaux \u00e9lectriques allant de petit travaux comme le d\u00e9placement d&#8217;une prise \u00e9lectrique \u00e0 des travaux de plus grandes envergures comme le c\u00e2blage complet d&#8217;un logement neuf.<\/p>\n\n\n\n<h2 class=\"wp-block-heading\"><strong>R\u00e9novation<\/strong><\/h2>\n\n\n<div class=\"wp-block-image\">\n<figure class=\"alignright size-full\"><img loading=\"lazy\" decoding=\"async\" width=\"275\" height=\"183\" src=\"https:\/\/iniso.fr\/wp-content\/uploads\/2024\/08\/Disjoncteurs_Doigt_2-1.png\" alt=\"\" class=\"wp-image-129\"\/><\/figure>\n<\/div>\n\n\n<p class=\"has-black-color has-text-color\">Dans le cadre de la r\u00e9novation d&#8217;un logement ou d&#8217;un besoin de modification de l&#8217;installation, nous r\u00e9alisons :<\/p>\n\n\n\n<ul>\n<li>Le d\u00e9placement ou l&#8217;ajout de prises de courant voulu par le client,<\/li>\n<li>Le d\u00e9placement ou l&#8217;ajout de point lumineux, luminaires,<\/li>\n<li>Nouveau c\u00e2blage dans une extension,<\/li>\n<li>D\u00e9termination et\/ou pose d&#8217;un nouveau tableau \u00e9lectrique.<\/li>\n<\/ul>\n\n\n\n<h2 class=\"wp-block-heading\"><strong>Neuf<\/strong><\/h2>\n\n\n<div class=\"wp-block-image\">\n<figure class=\"alignright size-full\"><img loading=\"lazy\" decoding=\"async\" width=\"231\" height=\"218\" src=\"https:\/\/iniso.fr\/wp-content\/uploads\/2024\/08\/Logo_NFC15100.png\" alt=\"\" class=\"wp-image-131\"\/><\/figure>\n<\/div>\n\n\n<p class=\"has-black-color has-text-color\">Dans un projet de construction neuf, nous r\u00e9alisons :<\/p>\n\n\n\n<ul>\n<li>Le c\u00e2blage du projet apr\u00e8s d\u00e9termination des besoins du client en accord avec celui-ci et en accord les normes actuelles,<\/li>\n<li>La pose et le c\u00e2blage du tableau de communication en conformit\u00e9 avec les normes afin d&#8217;\u00eatre conforme aux exigences du Consuel,<\/li>\n<li>La pose et le branchement des \u00e9l\u00e9ments de commande et les recepteurs conform\u00e9ment aux normes actuelles notamment la NFC 15-100.<\/li>\n<\/ul>\n\n\n\n<h2 class=\"wp-block-heading\"><strong>D\u00e9pannage<\/strong><\/h2>\n\n\n\n<p class=\"has-black-color has-text-color\">En cas de panne \u00e9lectrique dans votre logement, nos \u00e9lectriciens peuvent proposer une analyse et une solution au probl\u00e8me rencontr\u00e9.<\/p>\n\n\n\n<p class=\"has-black-color has-text-color\">N&#8217;h\u00e9sitez pas \u00e0 <a href=\"https:\/\/iniso.fr\/index.php\/contact\/\">nous contacter<\/a> pour toute demande de devis, de renseignement ou de prise de contact.<\/p>\n","protected":false},"excerpt":{"rendered":"<p>Travaux d&#8217;\u00e9lectricit\u00e9 Forts d&#8217;une r\u00e9cente mise \u00e0 jour des normes NF C 15-100, nos \u00e9lectriciens r\u00e9alisent des travaux \u00e9lectriques allant de petit travaux comme le d\u00e9placement d&#8217;une prise \u00e9lectrique \u00e0 des travaux de plus grandes envergures comme le c\u00e2blage complet<\/p>\n","protected":false},"author":1,"featured_media":0,"parent":0,"menu_order":0,"comment_status":"closed","ping_status":"closed","template":"","meta":{"footnotes":""},"class_list":["post-25","page","type-page","status-publish","hentry"],"_links":{"self":[{"href":"https:\/\/iniso.fr\/index.php\/wp-json\/wp\/v2\/pages\/25","targetHints":{"allow":["GET"]}}],"collection":[{"href":"https:\/\/iniso.fr\/index.php\/wp-json\/wp\/v2\/pages"}],"about":[{"href":"https:\/\/iniso.fr\/index.php\/wp-json\/wp\/v2\/types\/page"}],"author":[{"embeddable":true,"href":"https:\/\/iniso.fr\/index.php\/wp-json\/wp\/v2\/users\/1"}],"replies":[{"embeddable":true,"href":"https:\/\/iniso.fr\/index.php\/wp-json\/wp\/v2\/comments?post=25"}],"version-history":[{"count":11,"href":"https:\/\/iniso.fr\/index.php\/wp-json\/wp\/v2\/pages\/25\/revisions"}],"predecessor-version":[{"id":204,"href":"https:\/\/iniso.fr\/index.php\/wp-json\/wp\/v2\/pages\/25\/revisions\/204"}],"wp:attachment":[{"href":"https:\/\/iniso.fr\/index.php\/wp-json\/wp\/v2\/media?parent=25"}],"curies":[{"name":"wp","href":"https:\/\/api.w.org\/{rel}","templated":true}]}}