{"id":209,"date":"2025-02-20T13:36:20","date_gmt":"2025-02-20T12:36:20","guid":{"rendered":"https:\/\/iniso.fr\/index.php\/borne-irve\/"},"modified":"2025-02-20T14:03:30","modified_gmt":"2025-02-20T13:03:30","slug":"borne-irve","status":"publish","type":"page","link":"https:\/\/iniso.fr\/index.php\/borne-irve\/","title":{"rendered":"Borne IRVE"},"content":{"rendered":"\n<p>INISO poss\u00e8de tous les niveaux de qualification <strong>IRVE <\/strong>(Q1, Q2 et Q3) et est donc habilit\u00e9e pour l&#8217;installation de vos bornes de recharge pour <strong>V\u00e9hicule \u00c9lectrique<\/strong>. Nous r\u00e9alisons pour vous :<\/p>\n\n\n\n<ul class=\"wp-block-list\">\n<li>L&#8217;\u00e9tude et la d\u00e9finition de <strong>vos besoins <\/strong>en fonction de votre installation \u00e9lectrique, de votre utilisation et de <strong>vos v\u00e9hicules <\/strong>actuels et\/ou futurs,<\/li>\n\n\n\n<li>L\u2019<strong>installation <\/strong>et le <strong>param\u00e9trage <\/strong>de votre <strong>borne de recharge <\/strong>de 3.7kW \u00e0 22kW voir plus.<\/li>\n\n\n\n<li>L&#8217;accompagnement sur l&#8217;utilisation de l&#8217;<strong>application de gestion <\/strong>sur votre smartphone.<\/li>\n<\/ul>\n\n\n\n<p>Nous ne sommes associ\u00e9s \u00e0 aucune marque en particulier afin de rester ind\u00e9pendant et de proposer \u00e0 nos clients la borne la plus adapt\u00e9e \u00e0 leur besoin.<\/p>\n\n\n\n<p>Nous nous d\u00e9pla\u00e7ons gratuitement pour d\u00e9finir vos besoins donc n&#8217;h\u00e9sitez pas \u00e0 <a href=\"https:\/\/iniso.fr\/index.php\/contact\/\" data-type=\"page\" data-id=\"66\">nous contacter<\/a> pour prendre un rdv.<\/p>\n\n\n\n<p><\/p>\n","protected":false},"excerpt":{"rendered":"<p>INISO poss\u00e8de tous les niveaux de qualification IRVE (Q1, Q2 et Q3) et est donc habilit\u00e9e pour l&#8217;installation de vos bornes de recharge pour V\u00e9hicule \u00c9lectrique. Nous r\u00e9alisons pour vous : Nous ne sommes associ\u00e9s \u00e0 aucune marque en particulier<\/p>\n","protected":false},"author":1,"featured_media":0,"parent":0,"menu_order":0,"comment_status":"closed","ping_status":"closed","template":"","meta":{"footnotes":""},"class_list":["post-209","page","type-page","status-publish","hentry"],"_links":{"self":[{"href":"https:\/\/iniso.fr\/index.php\/wp-json\/wp\/v2\/pages\/209","targetHints":{"allow":["GET"]}}],"collection":[{"href":"https:\/\/iniso.fr\/index.php\/wp-json\/wp\/v2\/pages"}],"about":[{"href":"https:\/\/iniso.fr\/index.php\/wp-json\/wp\/v2\/types\/page"}],"author":[{"embeddable":true,"href":"https:\/\/iniso.fr\/index.php\/wp-json\/wp\/v2\/users\/1"}],"replies":[{"embeddable":true,"href":"https:\/\/iniso.fr\/index.php\/wp-json\/wp\/v2\/comments?post=209"}],"version-history":[{"count":3,"href":"https:\/\/iniso.fr\/index.php\/wp-json\/wp\/v2\/pages\/209\/revisions"}],"predecessor-version":[{"id":223,"href":"https:\/\/iniso.fr\/index.php\/wp-json\/wp\/v2\/pages\/209\/revisions\/223"}],"wp:attachment":[{"href":"https:\/\/iniso.fr\/index.php\/wp-json\/wp\/v2\/media?parent=209"}],"curies":[{"name":"wp","href":"https:\/\/api.w.org\/{rel}","templated":true}]}}